{"id":6565,"date":"2021-03-25T19:11:25","date_gmt":"2021-03-25T19:11:25","guid":{"rendered":"https:\/\/koalasigorta.com.tr\/?page_id=6565"},"modified":"2021-03-26T07:29:26","modified_gmt":"2021-03-26T07:29:26","slug":"is-yeri-sigortasi","status":"publish","type":"page","link":"https:\/\/koalasigorta.com.tr\/?page_id=6565","title":{"rendered":"\u0130\u015f Yeri Sigortas\u0131"},"content":{"rendered":"\t\t<div data-elementor-type=\"wp-page\" data-elementor-id=\"6565\" class=\"elementor elementor-6565\" data-elementor-settings=\"[]\">\n\t\t\t\t\t\t<div class=\"elementor-inner\">\n\t\t\t\t\t\t\t<div class=\"elementor-section-wrap\">\n\t\t\t\t\t\t\t<section class=\"elementor-section elementor-top-section elementor-element elementor-element-2ea8b476 elementor-section-boxed elementor-section-height-default elementor-section-height-default\" data-id=\"2ea8b476\" data-element_type=\"section\" data-settings=\"{&quot;ekit_has_onepagescroll_dot&quot;:&quot;yes&quot;}\">\n\t\t\t\t\t\t<div class=\"elementor-container elementor-column-gap-default\">\n\t\t\t\t\t\t\t<div class=\"elementor-row\">\n\t\t\t\t\t<div class=\"elementor-column elementor-col-100 elementor-top-column elementor-element elementor-element-368b4441\" data-id=\"368b4441\" data-element_type=\"column\">\n\t\t\t<div class=\"elementor-column-wrap elementor-element-populated\">\n\t\t\t\t\t\t\t<div class=\"elementor-widget-wrap\">\n\t\t\t\t\t\t<div class=\"elementor-element elementor-element-2c5b0f9f elementor-widget elementor-widget-text-editor\" data-id=\"2c5b0f9f\" data-element_type=\"widget\" data-widget_type=\"text-editor.default\">\n\t\t\t\t<div class=\"elementor-widget-container\">\n\t\t\t\t\t<div class=\"elementor-text-editor elementor-clearfix\"><h4><strong>\u0130\u015f Yeri S\u0130GORTASI<\/strong><\/h4><p>Kendi i\u015finin sahibi olmak herkesin hayalidir! Siz bunu ba\u015faranlardans\u0131n\u0131z. Tebrikler!\u00a0<\/p><p>Ancak olas\u0131 riskleri de hi\u00e7bir zaman g\u00f6z ard\u0131 etmemeniz gerekir!<br \/>Y\u0131llarca \u00e7al\u0131\u015f\u0131p emek verdi\u011finiz kazan\u00e7 kap\u0131n\u0131z\u0131n bir anda yok oldu\u011funu,<br \/>her \u015feye en ba\u015ftan ba\u015flamak zorunda kald\u0131\u011f\u0131n\u0131z\u0131 bir d\u00fc\u015f\u00fcnsenize!\u00a0<\/p><p>T\u00fcrk Nippon Sigorta, geni\u015f kapsaml\u0131 i\u015fyeri sigortas\u0131 \u00e7\u00f6z\u00fcmleri ile i\u015fyeriniz i\u00e7in tam g\u00fcvence sa\u011flar.<br \/>Siz de b\u00f6ylece t\u00fcm enerjinizi i\u015finize, sorumluluklar\u0131n\u0131za ve yeni yat\u0131r\u0131mlara y\u00f6nlendirirsiniz.<\/p><p>T\u00fcrk Nippon Sigorta i\u015fyeri poli\u00e7esi teminat kapsam\u0131<\/p><ul><li>Yang\u0131n, Y\u0131ld\u0131r\u0131m, \u0130nfilak<\/li><li>Dahili Su<\/li><li>F\u0131rt\u0131na<\/li><li>Yer Kaymas\u0131<\/li><li>Kara ve Hava ta\u015f\u0131tlar\u0131 \u00e7arpmas\u0131<\/li><li>Duman<\/li><li>Kar A\u011f\u0131rl\u0131\u011f\u0131<\/li><li>Grev, Lokavt, Karma\u015fa Halk Hareketleri, K\u00f6t\u00fc Niyetli Hareketler ve Ter\u00f6r<\/li><li>Dahili Dekorasyon<\/li><li>Yang\u0131n Mali Sorumluluk<\/li><li>Ge\u00e7ici \u0130kametgah De\u011fi\u015fikli\u011fi Masraflar\u0131<\/li><li>Enkaz Kald\u0131rma Masraflar\u0131<\/li><li>T\u00fcrk Nippon Asistans Hizmetleri (\u0130\u015fyeri)<\/li><li>Onkoloji Destek<\/li><li>Acil T\u0131bbi Yard\u0131m<\/li><\/ul><p><strong>\u0130ste\u011fe ba\u011fl\u0131 ek teminatlar<\/strong><\/p><ul><li>Deprem<\/li><li>Sel ve su bask\u0131n\u0131<\/li><li>H\u0131rs\u0131zl\u0131k<\/li><li>\u0130\u015f Durmas\u0131<\/li><li>Kira Kayb\u0131<\/li><li>Ki\u015fisel E\u015fyalar<\/li><li>Cam K\u0131r\u0131lmalar\u0131<\/li><li>Ferdi Kaza<\/li><li>3. \u015eah\u0131s Mali Sorumluluk<\/li><li>\u0130\u015fveren Mali Sorumluluk<\/li><li>Ta\u015f\u0131nan Para<\/li><li>Emniyeti Suiistimal<\/li><li>Elektronik Cihaz<\/li><li>Makina K\u0131r\u0131lmas\u0131<\/li><li>Kasa H\u0131rs\u0131zl\u0131k<\/li><li>Sabit K\u0131ymet H\u0131rs\u0131zl\u0131k<\/li><\/ul><\/div>\n\t\t\t\t<\/div>\n\t\t\t\t<\/div>\n\t\t\t\t\t\t<\/div>\n\t\t\t\t\t<\/div>\n\t\t<\/div>\n\t\t\t\t\t\t\t\t<\/div>\n\t\t\t\t\t<\/div>\n\t\t<\/section>\n\t\t\t\t\t\t<\/div>\n\t\t\t\t\t\t<\/div>\n\t\t\t\t\t<\/div>\n\t\t","protected":false},"excerpt":{"rendered":"<p>\u0130\u015f Yeri S\u0130GORTASI Kendi i\u015finin sahibi olmak herkesin hayalidir! Siz bunu ba\u015faranlardans\u0131n\u0131z. Tebrikler!\u00a0 Ancak olas\u0131 riskleri de hi\u00e7bir zaman g\u00f6z ard\u0131 etmemeniz gerekir!Y\u0131llarca \u00e7al\u0131\u015f\u0131p emek verdi\u011finiz kazan\u00e7 kap\u0131n\u0131z\u0131n bir anda yok oldu\u011funu,her \u015feye en ba\u015ftan ba\u015flamak zorunda kald\u0131\u011f\u0131n\u0131z\u0131 bir d\u00fc\u015f\u00fcnsenize!\u00a0 T\u00fcrk Nippon Sigorta, geni\u015f kapsaml\u0131 i\u015fyeri sigortas\u0131 \u00e7\u00f6z\u00fcmleri ile i\u015fyeriniz i\u00e7in tam g\u00fcvence sa\u011flar.Siz de [&hellip;]<\/p>\n","protected":false},"author":1,"featured_media":0,"parent":0,"menu_order":0,"comment_status":"closed","ping_status":"closed","template":"elementor_header_footer","meta":[],"_links":{"self":[{"href":"https:\/\/koalasigorta.com.tr\/index.php?rest_route=\/wp\/v2\/pages\/6565"}],"collection":[{"href":"https:\/\/koalasigorta.com.tr\/index.php?rest_route=\/wp\/v2\/pages"}],"about":[{"href":"https:\/\/koalasigorta.com.tr\/index.php?rest_route=\/wp\/v2\/types\/page"}],"author":[{"embeddable":true,"href":"https:\/\/koalasigorta.com.tr\/index.php?rest_route=\/wp\/v2\/users\/1"}],"replies":[{"embeddable":true,"href":"https:\/\/koalasigorta.com.tr\/index.php?rest_route=%2Fwp%2Fv2%2Fcomments&post=6565"}],"version-history":[{"count":8,"href":"https:\/\/koalasigorta.com.tr\/index.php?rest_route=\/wp\/v2\/pages\/6565\/revisions"}],"predecessor-version":[{"id":6620,"href":"https:\/\/koalasigorta.com.tr\/index.php?rest_route=\/wp\/v2\/pages\/6565\/revisions\/6620"}],"wp:attachment":[{"href":"https:\/\/koalasigorta.com.tr\/index.php?rest_route=%2Fwp%2Fv2%2Fmedia&parent=6565"}],"curies":[{"name":"wp","href":"https:\/\/api.w.org\/{rel}","templated":true}]}}