{"id":6558,"date":"2021-03-25T19:10:48","date_gmt":"2021-03-25T19:10:48","guid":{"rendered":"https:\/\/koalasigorta.com.tr\/?page_id=6558"},"modified":"2021-03-26T07:29:05","modified_gmt":"2021-03-26T07:29:05","slug":"zorunlu-deprem-sigortasi","status":"publish","type":"page","link":"https:\/\/koalasigorta.com.tr\/?page_id=6558","title":{"rendered":"Zorunlu Deprem Sigortas\u0131"},"content":{"rendered":"\t\t<div data-elementor-type=\"wp-page\" data-elementor-id=\"6558\" class=\"elementor elementor-6558\" data-elementor-settings=\"[]\">\n\t\t\t\t\t\t<div class=\"elementor-inner\">\n\t\t\t\t\t\t\t<div class=\"elementor-section-wrap\">\n\t\t\t\t\t\t\t<section class=\"elementor-section elementor-top-section elementor-element elementor-element-90448c3 elementor-section-boxed elementor-section-height-default elementor-section-height-default\" data-id=\"90448c3\" data-element_type=\"section\" data-settings=\"{&quot;ekit_has_onepagescroll_dot&quot;:&quot;yes&quot;}\">\n\t\t\t\t\t\t<div class=\"elementor-container elementor-column-gap-default\">\n\t\t\t\t\t\t\t<div class=\"elementor-row\">\n\t\t\t\t\t<div class=\"elementor-column elementor-col-100 elementor-top-column elementor-element elementor-element-942acc9\" data-id=\"942acc9\" data-element_type=\"column\">\n\t\t\t<div class=\"elementor-column-wrap elementor-element-populated\">\n\t\t\t\t\t\t\t<div class=\"elementor-widget-wrap\">\n\t\t\t\t\t\t<div class=\"elementor-element elementor-element-5af929cc elementor-widget elementor-widget-text-editor\" data-id=\"5af929cc\" data-element_type=\"widget\" data-widget_type=\"text-editor.default\">\n\t\t\t\t<div class=\"elementor-widget-container\">\n\t\t\t\t\t<div class=\"elementor-text-editor elementor-clearfix\"><h4><strong>Zorunlu Deprem S\u0130GORTASI<\/strong><\/h4><p>DASK \u201cDeprem ge\u00e7ecek, hayat devam edecek\u201d yakla\u015f\u0131m\u0131ndan yola \u00e7\u0131karak, deprem sonras\u0131nda vatanda\u015flar\u0131n ya\u015fam\u0131n\u0131n kald\u0131\u011f\u0131 yerden yeniden g\u00fcvenle devam edebilmesini ama\u00e7lar. Zorunlu Deprem Sigortas\u0131 ile deprem ve depremden kaynaklanan yang\u0131n, infilak, yer kaymas\u0131 ve tsunami risklerine kar\u015f\u0131, sigortal\u0131 konut sahiplerine maddi g\u00fcvence sa\u011flar. \u0130ster oturulamaz durumda ister k\u0131sm\u00ee hasarl\u0131 olsun, bina zarar\u0131n\u0131 en h\u0131zl\u0131 \u015fekilde tazmin ederek, ya\u015fam\u0131n normale d\u00f6nmesine arac\u0131l\u0131k eder.<\/p><p>A\u015fa\u011f\u0131da belirtilen bina b\u00f6l\u00fcmleri, bir arada ya da ayr\u0131 ayr\u0131 teminat kapsam\u0131ndad\u0131r.<\/p><ul><li>Temeller<\/li><li>Ana duvarlar<\/li><li>Ba\u011f\u0131ms\u0131z b\u00f6l\u00fcmleri ay\u0131ran ortak duvarlar<\/li><li>Bah\u00e7e duvarlar\u0131<\/li><li>\u0130stinat duvarlar\u0131<\/li><li>Tavan ve tabanlar<\/li><li>Merdivenler<\/li><li>Asans\u00f6rler<\/li><li>Sahanl\u0131klar<\/li><li>Koridorlar<\/li><li>\u00c7at\u0131lar<\/li><li>Bacalar<\/li><li>Yap\u0131n\u0131n yukar\u0131dakilerle benzer nitelikteki tamamlay\u0131c\u0131 b\u00f6l\u00fcmleri<\/li><\/ul><p>A\u015fa\u011f\u0131daki durumlarda olu\u015fan zararlar\u0131n\u0131z teminat kapsam\u0131 d\u0131\u015f\u0131ndad\u0131r.<\/p><ul><li>Enkaz kald\u0131rma masraflar\u0131<\/li><li>Kar kayb\u0131<\/li><li>\u0130\u015f durmas\u0131<\/li><li>Kira mahrumiyeti<\/li><li>Alternatif ikametgah ve i\u015fyeri masraflar\u0131<\/li><li>Mali sorumluluklar ve benzeri ba\u015fkaca ileri s\u00fcr\u00fclebilecek di\u011fer b\u00fct\u00fcn dolayl\u0131 zararlar<\/li><li>Her t\u00fcrl\u00fc ta\u015f\u0131n\u0131r mal, e\u015fya ve benzerleri<\/li><li>T\u00fcm bedeni zararlar ve vefat<\/li><li>Manevi tazminat talepleri<\/li><li>Deprem ve deprem sonucu olu\u015fan yang\u0131n, infilak, tsunami veya yer kaymas\u0131n\u0131n d\u0131\u015f\u0131nda kalan hasarlar<\/li><li>Depremden ba\u011f\u0131ms\u0131z olarak, binan\u0131n kendi kusurlu yap\u0131s\u0131 nedeniyle zamanla olu\u015fmu\u015f zararlar<\/li><\/ul><p>Teminat kapsam\u0131 d\u0131\u015f\u0131ndaki hasarlar i\u00e7in Zorunlu Deprem Sigortas\u0131\u2019na ek olarak konut ve i\u015fyeri sigortas\u0131n\u0131 tercih edebilirsiniz.<\/p><\/div>\n\t\t\t\t<\/div>\n\t\t\t\t<\/div>\n\t\t\t\t\t\t<\/div>\n\t\t\t\t\t<\/div>\n\t\t<\/div>\n\t\t\t\t\t\t\t\t<\/div>\n\t\t\t\t\t<\/div>\n\t\t<\/section>\n\t\t\t\t\t\t<\/div>\n\t\t\t\t\t\t<\/div>\n\t\t\t\t\t<\/div>\n\t\t","protected":false},"excerpt":{"rendered":"<p>Zorunlu Deprem S\u0130GORTASI DASK \u201cDeprem ge\u00e7ecek, hayat devam edecek\u201d yakla\u015f\u0131m\u0131ndan yola \u00e7\u0131karak, deprem sonras\u0131nda vatanda\u015flar\u0131n ya\u015fam\u0131n\u0131n kald\u0131\u011f\u0131 yerden yeniden g\u00fcvenle devam edebilmesini ama\u00e7lar. Zorunlu Deprem Sigortas\u0131 ile deprem ve depremden kaynaklanan yang\u0131n, infilak, yer kaymas\u0131 ve tsunami risklerine kar\u015f\u0131, sigortal\u0131 konut sahiplerine maddi g\u00fcvence sa\u011flar. \u0130ster oturulamaz durumda ister k\u0131sm\u00ee hasarl\u0131 olsun, bina zarar\u0131n\u0131 en [&hellip;]<\/p>\n","protected":false},"author":1,"featured_media":0,"parent":0,"menu_order":0,"comment_status":"closed","ping_status":"closed","template":"elementor_header_footer","meta":[],"_links":{"self":[{"href":"https:\/\/koalasigorta.com.tr\/index.php?rest_route=\/wp\/v2\/pages\/6558"}],"collection":[{"href":"https:\/\/koalasigorta.com.tr\/index.php?rest_route=\/wp\/v2\/pages"}],"about":[{"href":"https:\/\/koalasigorta.com.tr\/index.php?rest_route=\/wp\/v2\/types\/page"}],"author":[{"embeddable":true,"href":"https:\/\/koalasigorta.com.tr\/index.php?rest_route=\/wp\/v2\/users\/1"}],"replies":[{"embeddable":true,"href":"https:\/\/koalasigorta.com.tr\/index.php?rest_route=%2Fwp%2Fv2%2Fcomments&post=6558"}],"version-history":[{"count":8,"href":"https:\/\/koalasigorta.com.tr\/index.php?rest_route=\/wp\/v2\/pages\/6558\/revisions"}],"predecessor-version":[{"id":6617,"href":"https:\/\/koalasigorta.com.tr\/index.php?rest_route=\/wp\/v2\/pages\/6558\/revisions\/6617"}],"wp:attachment":[{"href":"https:\/\/koalasigorta.com.tr\/index.php?rest_route=%2Fwp%2Fv2%2Fmedia&parent=6558"}],"curies":[{"name":"wp","href":"https:\/\/api.w.org\/{rel}","templated":true}]}}