{"id":6552,"date":"2021-03-25T19:10:01","date_gmt":"2021-03-25T19:10:01","guid":{"rendered":"https:\/\/koalasigorta.com.tr\/?page_id=6552"},"modified":"2021-03-31T08:38:04","modified_gmt":"2021-03-31T08:38:04","slug":"trafik-sigortasi","status":"publish","type":"page","link":"https:\/\/koalasigorta.com.tr\/?page_id=6552","title":{"rendered":"Trafik Sigortas\u0131"},"content":{"rendered":"\t\t<div data-elementor-type=\"wp-page\" data-elementor-id=\"6552\" class=\"elementor elementor-6552\" data-elementor-settings=\"[]\">\n\t\t\t\t\t\t<div class=\"elementor-inner\">\n\t\t\t\t\t\t\t<div class=\"elementor-section-wrap\">\n\t\t\t\t\t\t\t<section class=\"elementor-section elementor-top-section elementor-element elementor-element-a28ff93 elementor-section-boxed elementor-section-height-default elementor-section-height-default\" data-id=\"a28ff93\" data-element_type=\"section\" data-settings=\"{&quot;ekit_has_onepagescroll_dot&quot;:&quot;yes&quot;}\">\n\t\t\t\t\t\t<div class=\"elementor-container elementor-column-gap-default\">\n\t\t\t\t\t\t\t<div class=\"elementor-row\">\n\t\t\t\t\t<div class=\"elementor-column elementor-col-100 elementor-top-column elementor-element elementor-element-7644a12e\" data-id=\"7644a12e\" data-element_type=\"column\">\n\t\t\t<div class=\"elementor-column-wrap elementor-element-populated\">\n\t\t\t\t\t\t\t<div class=\"elementor-widget-wrap\">\n\t\t\t\t\t\t<div class=\"elementor-element elementor-element-4bdb115e elementor-widget elementor-widget-text-editor\" data-id=\"4bdb115e\" data-element_type=\"widget\" data-widget_type=\"text-editor.default\">\n\t\t\t\t<div class=\"elementor-widget-container\">\n\t\t\t\t\t<div class=\"elementor-text-editor elementor-clearfix\"><h4><strong>Trafik Sigortas\u0131<\/strong><\/h4><p>Zorunlu Trafik Sigortas\u0131 d\u0131\u015f\u0131nda, size sunaca\u011f\u0131m\u0131z ek avantajlarla olas\u0131 kazalar kar\u015f\u0131s\u0131nda daha haz\u0131rl\u0131kl\u0131 olmaya ne dersiniz? \u0130\u015fte, T\u00fcrk Nippon Sigorta\u2019n\u0131n yepyeni \u00fcr\u00fcn\u00fc Kapsaml\u0131 Trafik Sigortas\u0131 bunun i\u00e7in var.<\/p><p>Kapsaml\u0131 Trafik Sigortas\u0131 sadece Zorunlu Trafik Sigortas\u0131\u2019n\u0131n gereklerini yerine getirmekle kalm\u0131yor, belirli limitler dahilinde Kasko\u2019nun size sundu\u011fu baz\u0131 ek teminatlar\u0131da kapsayarak hayat\u0131n\u0131z\u0131 kolayla\u015ft\u0131r\u0131yor.\u00a0<\/p><p>Sigortac\u0131, poli\u00e7ede tan\u0131mlanan motorlu arac\u0131n i\u015fletilmesi s\u0131ras\u0131nda, bir kimsenin \u00f6l\u00fcm\u00fcne veya yaralanmas\u0131na veya bir \u015feyin zarara u\u011framas\u0131na sebebiyet vermi\u015f olmas\u0131ndan dolay\u0131, 2918 say\u0131l\u0131 Karayollar\u0131 Trafik Kanunu&#8217;na g\u00f6re i\u015fletene d\u00fc\u015fen hukuki sorumlulu\u011fu, zorunlu sigorta limitlerine kadar temin eder.\u00a0<\/p><p>Bu sigorta T\u00fcrkiye s\u0131n\u0131rlar\u0131 i\u00e7inde ge\u00e7erlidir. Sigortal\u0131 trafik poli\u00e7esi ile birlikte Maddi Hasarl\u0131 Trafik Kazas\u0131 Tespit Tutana\u011f\u0131n\u0131 sigortac\u0131dan temin edecektir.<\/p><\/div>\n\t\t\t\t<\/div>\n\t\t\t\t<\/div>\n\t\t\t\t\t\t<\/div>\n\t\t\t\t\t<\/div>\n\t\t<\/div>\n\t\t\t\t\t\t\t\t<\/div>\n\t\t\t\t\t<\/div>\n\t\t<\/section>\n\t\t\t\t\t\t<\/div>\n\t\t\t\t\t\t<\/div>\n\t\t\t\t\t<\/div>\n\t\t","protected":false},"excerpt":{"rendered":"<p>Trafik Sigortas\u0131 Zorunlu Trafik Sigortas\u0131 d\u0131\u015f\u0131nda, size sunaca\u011f\u0131m\u0131z ek avantajlarla olas\u0131 kazalar kar\u015f\u0131s\u0131nda daha haz\u0131rl\u0131kl\u0131 olmaya ne dersiniz? \u0130\u015fte, T\u00fcrk Nippon Sigorta\u2019n\u0131n yepyeni \u00fcr\u00fcn\u00fc Kapsaml\u0131 Trafik Sigortas\u0131 bunun i\u00e7in var. Kapsaml\u0131 Trafik Sigortas\u0131 sadece Zorunlu Trafik Sigortas\u0131\u2019n\u0131n gereklerini yerine getirmekle kalm\u0131yor, belirli limitler dahilinde Kasko\u2019nun size sundu\u011fu baz\u0131 ek teminatlar\u0131da kapsayarak hayat\u0131n\u0131z\u0131 kolayla\u015ft\u0131r\u0131yor.\u00a0 Sigortac\u0131, poli\u00e7ede [&hellip;]<\/p>\n","protected":false},"author":1,"featured_media":0,"parent":0,"menu_order":0,"comment_status":"closed","ping_status":"closed","template":"elementor_header_footer","meta":[],"_links":{"self":[{"href":"https:\/\/koalasigorta.com.tr\/index.php?rest_route=\/wp\/v2\/pages\/6552"}],"collection":[{"href":"https:\/\/koalasigorta.com.tr\/index.php?rest_route=\/wp\/v2\/pages"}],"about":[{"href":"https:\/\/koalasigorta.com.tr\/index.php?rest_route=\/wp\/v2\/types\/page"}],"author":[{"embeddable":true,"href":"https:\/\/koalasigorta.com.tr\/index.php?rest_route=\/wp\/v2\/users\/1"}],"replies":[{"embeddable":true,"href":"https:\/\/koalasigorta.com.tr\/index.php?rest_route=%2Fwp%2Fv2%2Fcomments&post=6552"}],"version-history":[{"count":8,"href":"https:\/\/koalasigorta.com.tr\/index.php?rest_route=\/wp\/v2\/pages\/6552\/revisions"}],"predecessor-version":[{"id":6851,"href":"https:\/\/koalasigorta.com.tr\/index.php?rest_route=\/wp\/v2\/pages\/6552\/revisions\/6851"}],"wp:attachment":[{"href":"https:\/\/koalasigorta.com.tr\/index.php?rest_route=%2Fwp%2Fv2%2Fmedia&parent=6552"}],"curies":[{"name":"wp","href":"https:\/\/api.w.org\/{rel}","templated":true}]}}