{"id":6529,"date":"2021-03-25T14:59:20","date_gmt":"2021-03-25T14:59:20","guid":{"rendered":"https:\/\/koalasigorta.com.tr\/?page_id=6529"},"modified":"2021-03-26T07:28:01","modified_gmt":"2021-03-26T07:28:01","slug":"nakliyat-sigortasi","status":"publish","type":"page","link":"https:\/\/koalasigorta.com.tr\/?page_id=6529","title":{"rendered":"Nakliyat Sigortas\u0131"},"content":{"rendered":"\t\t<div data-elementor-type=\"wp-page\" data-elementor-id=\"6529\" class=\"elementor elementor-6529\" data-elementor-settings=\"[]\">\n\t\t\t\t\t\t<div class=\"elementor-inner\">\n\t\t\t\t\t\t\t<div class=\"elementor-section-wrap\">\n\t\t\t\t\t\t\t<section class=\"elementor-section elementor-top-section elementor-element elementor-element-3c407c27 elementor-section-boxed elementor-section-height-default elementor-section-height-default\" data-id=\"3c407c27\" data-element_type=\"section\" data-settings=\"{&quot;ekit_has_onepagescroll_dot&quot;:&quot;yes&quot;}\">\n\t\t\t\t\t\t<div class=\"elementor-container elementor-column-gap-default\">\n\t\t\t\t\t\t\t<div class=\"elementor-row\">\n\t\t\t\t\t<div class=\"elementor-column elementor-col-100 elementor-top-column elementor-element elementor-element-30e013e5\" data-id=\"30e013e5\" data-element_type=\"column\">\n\t\t\t<div class=\"elementor-column-wrap elementor-element-populated\">\n\t\t\t\t\t\t\t<div class=\"elementor-widget-wrap\">\n\t\t\t\t\t\t<div class=\"elementor-element elementor-element-5c1e2e53 elementor-widget elementor-widget-text-editor\" data-id=\"5c1e2e53\" data-element_type=\"widget\" data-widget_type=\"text-editor.default\">\n\t\t\t\t<div class=\"elementor-widget-container\">\n\t\t\t\t\t<div class=\"elementor-text-editor elementor-clearfix\"><h4><strong>Nakliyat S\u0130GORTASI<\/strong><\/h4><p>Nakliyat Ta\u015f\u0131ma Sigortas\u0131 ile , bir mal\u0131n bir ta\u015f\u0131ma arac\u0131 ile ( Kamyon,gemi,u\u00e7ak yada tren) bir noktadan di\u011fer bir noktaya ta\u015f\u0131mmas\u0131 s\u0131ras\u0131nda poli\u00e7ede yer alan kloz ve \u015fartlar uyar\u0131nca bir kaza ya da olaya ba\u011fl\u0131 olarak fiziken zarar g\u00f6rmesini teminat alt\u0131na al\u0131r.\u00a0<\/p><p>Bu sigorta ile sigorta konusu emtia i\u00e7in \u00fc\u00e7 farkl\u0131 teminat ile sigorta korumas\u0131 sa\u011flan\u0131r.\u00a0<\/p><p><strong>Tam Ziya Teminat\u0131:<\/strong>\u00a0Mal\u0131n ta\u015f\u0131ma arac\u0131 ile birlikte t\u00fcm de\u011ferini yitirecek \u015fekilde tamamen zarar g\u00f6rmesidir.\u00a0<br \/><strong>Dar Teminat:<\/strong>\u00a0Mal\u0131n tam ziya ile tamamen zarar g\u00f6rmesi riskine ilave olarak, ta\u015f\u0131yan arac\u0131n yapaca\u011f\u0131 kazaya ba\u011fl\u0131 olarak (\u00c7arpma, \u00e7arp\u0131\u015fma, devrilme, yang\u0131n) k\u0131smi zararlar da teminat alt\u0131na al\u0131nmaktad\u0131r. Bu teminat i\u00e7in ile belirtilen \u00f6zel \u015fartlar uygulanmaktad\u0131r.\u00a0<br \/><strong>Geni\u015f Teminat:<\/strong>\u00a0Genellikle &#8216;T\u00fcm Rizikolar&#8217; (All Risks) olarak bilinir. Bu teminat i\u00e7in \u00f6zel \u015fart niteli\u011fini haiz ile belirtilen istisnalar d\u0131\u015f\u0131ndaki t\u00fcm riskler teminat alt\u0131na al\u0131nmaktad\u0131r.Bu teminat i\u00e7in ge\u00e7erli olan en \u00f6nemli istisnalar;\u00a0<\/p><ul><li>Mal\u0131n do\u011fas\u0131ndan ve kendi yap\u0131s\u0131ndan kaynaklanan hasarlar<\/li><li>Ta\u015f\u0131yan arac\u0131n ya da ambalaj\u0131n uygunsuzlu\u011fu<\/li><li>Her t\u00fcrl\u00fc gecikmeden kaynaklanan hasarlar<\/li><li>Radyoaktif kirlenme-bula\u015fma<\/li><li>Sigortal\u0131n\u0131n k\u00f6t\u00fc niyeti<\/li><li>Sava\u015f, grev, ter\u00f6r, karga\u015fal\u0131k v.b<\/li><\/ul><h4><strong>K\u0131ymet Ta\u015f\u0131ma Sigortas\u0131<\/strong>\u00a0<\/h4><p>TURK N\u0130PPON Sigorta bu sigorta ile, alt\u0131n vb de\u011ferli madenler ve ta\u015flar, m\u00fccevher, nakit para ve benzeri k\u0131ymetli mallar\u0131n bir ta\u015f\u0131ma arac\u0131 ile (Gemi, kamyon, u\u00e7ak, ya da tren) bir yerden bir yere ta\u015f\u0131nmas\u0131 s\u0131ras\u0131nda poli\u00e7ede yer alan kloz ve \u015fartlar uyar\u0131nca bir kaza sonucunda zarar g\u00f6rmesi ve\/veya silahl\u0131 gasp ve soygun riskleri teminat alt\u0131na al\u0131n\u0131r.<\/p><\/div>\n\t\t\t\t<\/div>\n\t\t\t\t<\/div>\n\t\t\t\t\t\t<\/div>\n\t\t\t\t\t<\/div>\n\t\t<\/div>\n\t\t\t\t\t\t\t\t<\/div>\n\t\t\t\t\t<\/div>\n\t\t<\/section>\n\t\t\t\t\t\t<\/div>\n\t\t\t\t\t\t<\/div>\n\t\t\t\t\t<\/div>\n\t\t","protected":false},"excerpt":{"rendered":"<p>Nakliyat S\u0130GORTASI Nakliyat Ta\u015f\u0131ma Sigortas\u0131 ile , bir mal\u0131n bir ta\u015f\u0131ma arac\u0131 ile ( Kamyon,gemi,u\u00e7ak yada tren) bir noktadan di\u011fer bir noktaya ta\u015f\u0131mmas\u0131 s\u0131ras\u0131nda poli\u00e7ede yer alan kloz ve \u015fartlar uyar\u0131nca bir kaza ya da olaya ba\u011fl\u0131 olarak fiziken zarar g\u00f6rmesini teminat alt\u0131na al\u0131r.\u00a0 Bu sigorta ile sigorta konusu emtia i\u00e7in \u00fc\u00e7 farkl\u0131 teminat ile [&hellip;]<\/p>\n","protected":false},"author":1,"featured_media":0,"parent":0,"menu_order":0,"comment_status":"closed","ping_status":"closed","template":"elementor_header_footer","meta":[],"_links":{"self":[{"href":"https:\/\/koalasigorta.com.tr\/index.php?rest_route=\/wp\/v2\/pages\/6529"}],"collection":[{"href":"https:\/\/koalasigorta.com.tr\/index.php?rest_route=\/wp\/v2\/pages"}],"about":[{"href":"https:\/\/koalasigorta.com.tr\/index.php?rest_route=\/wp\/v2\/types\/page"}],"author":[{"embeddable":true,"href":"https:\/\/koalasigorta.com.tr\/index.php?rest_route=\/wp\/v2\/users\/1"}],"replies":[{"embeddable":true,"href":"https:\/\/koalasigorta.com.tr\/index.php?rest_route=%2Fwp%2Fv2%2Fcomments&post=6529"}],"version-history":[{"count":8,"href":"https:\/\/koalasigorta.com.tr\/index.php?rest_route=\/wp\/v2\/pages\/6529\/revisions"}],"predecessor-version":[{"id":6608,"href":"https:\/\/koalasigorta.com.tr\/index.php?rest_route=\/wp\/v2\/pages\/6529\/revisions\/6608"}],"wp:attachment":[{"href":"https:\/\/koalasigorta.com.tr\/index.php?rest_route=%2Fwp%2Fv2%2Fmedia&parent=6529"}],"curies":[{"name":"wp","href":"https:\/\/api.w.org\/{rel}","templated":true}]}}