{"id":6522,"date":"2021-03-25T14:58:20","date_gmt":"2021-03-25T14:58:20","guid":{"rendered":"https:\/\/koalasigorta.com.tr\/?page_id=6522"},"modified":"2021-03-25T14:58:42","modified_gmt":"2021-03-25T14:58:42","slug":"muhendislik-sigortasi","status":"publish","type":"page","link":"https:\/\/koalasigorta.com.tr\/?page_id=6522","title":{"rendered":"M\u00fchendislik Sigortas\u0131"},"content":{"rendered":"\t\t<div data-elementor-type=\"wp-page\" data-elementor-id=\"6522\" class=\"elementor elementor-6522\" data-elementor-settings=\"[]\">\n\t\t\t\t\t\t<div class=\"elementor-inner\">\n\t\t\t\t\t\t\t<div class=\"elementor-section-wrap\">\n\t\t\t\t\t\t\t<section class=\"elementor-section elementor-top-section elementor-element elementor-element-3f27d6ea elementor-section-boxed elementor-section-height-default elementor-section-height-default\" data-id=\"3f27d6ea\" data-element_type=\"section\" data-settings=\"{&quot;ekit_has_onepagescroll_dot&quot;:&quot;yes&quot;}\">\n\t\t\t\t\t\t<div class=\"elementor-container elementor-column-gap-default\">\n\t\t\t\t\t\t\t<div class=\"elementor-row\">\n\t\t\t\t\t<div class=\"elementor-column elementor-col-100 elementor-top-column elementor-element elementor-element-3f4edbfc\" data-id=\"3f4edbfc\" data-element_type=\"column\">\n\t\t\t<div class=\"elementor-column-wrap elementor-element-populated\">\n\t\t\t\t\t\t\t<div class=\"elementor-widget-wrap\">\n\t\t\t\t\t\t<div class=\"elementor-element elementor-element-71a982eb elementor-widget elementor-widget-text-editor\" data-id=\"71a982eb\" data-element_type=\"widget\" data-widget_type=\"text-editor.default\">\n\t\t\t\t<div class=\"elementor-widget-container\">\n\t\t\t\t\t<div class=\"elementor-text-editor elementor-clearfix\"><h4><strong>\u0130n\u015faat T\u00fcm Riskler Sigortas\u0131<\/strong>\u00a0<\/h4><p>Her t\u00fcrl\u00fc in\u015faat projesi risklerini (Bina, yol, baraj, liman, kanalizasyon, i\u00e7me suyu ve elektrik hatlar\u0131, havaalan\u0131, vb.), in\u015faat\u0131n ba\u015flad\u0131\u011f\u0131 ilk g\u00fcnden projenin tamamlanaca\u011f\u0131 ya da teslim edilece\u011fi g\u00fcne kadar, uygun teminatlarla g\u00fcvence alt\u0131na al\u0131r.\u00a0<br \/><br \/>\u0130n\u015faat All Risks Sigortas\u0131&#8217; n\u0131n, ani ve beklenmedik sebeplerle ortaya \u00e7\u0131kmak kayd\u0131yla, otomatik olarak teminat alt\u0131na ald\u0131\u011f\u0131 ba\u015fl\u0131ca riskler \u015funlard\u0131r:\u00a0<\/p><ul><li>Deprem, sel, f\u0131rt\u0131na, toprak kaymas\u0131 ve \u00e7\u00f6kmesi dahil olmak \u00fczere her t\u00fcrl\u00fc do\u011fal afet<\/li><li>H\u0131rs\u0131zl\u0131k ve h\u0131rs\u0131zl\u0131\u011fa te\u015febb\u00fcs<\/li><li>Yang\u0131n, y\u0131ld\u0131r\u0131m ve infilak<\/li><li>Hava ve kara ta\u015f\u0131tlar\u0131 \u00e7arpmas\u0131<\/li><li>\u015eantiye\/i\u015fletme kazalar\u0131<\/li><\/ul><p>\u0130n\u015faat All Risks Sigortas\u0131&#8217; n\u0131n teminat kapsam\u0131, a\u015fa\u011f\u0131da yaz\u0131l\u0131 ek teminatlarla geni\u015fletilebilmektedir:\u00a0<\/p><ul><li>Enkaz kald\u0131rma masraflar\u0131<\/li><li>\u0130n\u015faat makineleri<\/li><li>\u015eantiye tesisleri<\/li><li>\u00dc\u00e7\u00fcnc\u00fc \u015fah\u0131s mali sorumluluk<\/li><li>Bak\u0131m devresi<\/li><li>Grev, lokavt, karga\u015fal\u0131k, halk hareketleri, ter\u00f6r<\/li><li>Hasar neticesinde gerekli fazla mesai ve seri nakliye masraflar\u0131<\/li><\/ul><p><strong>Montaj T\u00fcm Riskler Sigortas\u0131<\/strong>\u00a0<br \/><br \/>Her t\u00fcrl\u00fc montaj projesinin, \u00f6rnek olarak g\u00fcbre fabrikalar\u0131, g\u0131da ve metal i\u015fleme tesisleri, tekstil sekt\u00f6r\u00fc, tu\u011fla fabrikalar\u0131, ka\u011f\u0131t, kereste ve deri sanayindeki makinelerin montajlar\u0131 g\u00f6sterilebilir, montaj\u0131 yap\u0131lacak makinelerin \u015fantiye sahas\u0131na varmas\u0131ndan montajlar\u0131n\u0131n ve tecr\u00fcbe devrelerinin tamamlanmas\u0131na kadar t\u00fcm risklerini uygun teminatlarla g\u00fcvence alt\u0131na al\u0131r.\u00a0<br \/><br \/>Montaj All Risks Sigortas\u0131&#8217; n\u0131n, ani ve beklenmedik sebeplerle ortaya \u00e7\u0131kmak kayd\u0131yla, montaj kazalar\u0131na ilave olarak otomatik teminat kapsam\u0131na ald\u0131\u011f\u0131 ba\u015fl\u0131ca riskler \u015funlard\u0131r:\u00a0<\/p><ul><li>Deprem, sel, f\u0131rt\u0131na, toprak kaymas\u0131 ve \u00e7\u00f6kmesi dahil olmak \u00fczere her t\u00fcrl\u00fc do\u011fal afet<\/li><li>H\u0131rs\u0131zl\u0131k ve h\u0131rs\u0131zl\u0131\u011fa te\u015febb\u00fcs<\/li><li>Yang\u0131n, y\u0131ld\u0131r\u0131m ve infilak<\/li><li>Hava ve kara ta\u015f\u0131tlar\u0131 \u00e7arpmas\u0131<\/li><li>D\u00f6rt haftal\u0131k tecr\u00fcbe devresi<\/li><\/ul><p>Montaj All Risks Sigortas\u0131&#8217; n\u0131n teminat kapsam\u0131 a\u015fa\u011f\u0131da yaz\u0131l\u0131 ek teminatlarla geni\u015fletilebilmektedir:\u00a0<\/p><ul><li>Enkaz kald\u0131rma masraflar\u0131<\/li><li>Montaj i\u015flerini yerine getirmek i\u00e7in kullan\u0131lan makine ve ekipmanlar<\/li><li>\u015eantiye tesisleri<\/li><li>\u00dc\u00e7\u00fcnc\u00fc \u015fah\u0131s mali sorumluluk<\/li><li>D\u00f6rt haftay\u0131 a\u015fan tecr\u00fcbe devresi<\/li><li>Grev, lokavt, karga\u015fal\u0131k, halk hareketleri, ter\u00f6r<\/li><li>Hasar neticesinde gerekli fazla mesai ve seri nakliye masraflar\u0131<\/li><\/ul><p><strong>Makine K\u0131r\u0131lmas\u0131 Sigortas\u0131\u00a0<\/strong><br \/><br \/>\u0130\u015fletmedeki t\u00fcm \u00fcretim ve yard\u0131mc\u0131 makineleri (Tekstil, metal, deri, ah\u015fap, plastik, g\u0131da, bask\u0131 ve ambalaj vb. makineleri) montaj ve tecr\u00fcbe devreleri tamamland\u0131ktan ve tam \u00e7al\u0131\u015f\u0131r hale ge\u00e7tikten sonra teminat alt\u0131na almaktad\u0131r.\u00a0<br \/>Makine K\u0131r\u0131lmas\u0131 Sigortas\u0131&#8217; n\u0131n, ani ve beklenmedik sebeplerle ortaya \u00e7\u0131kmak kayd\u0131yla, otomatik olarak teminat alt\u0131na ald\u0131\u011f\u0131 ba\u015fl\u0131ca riskler \u015funlard\u0131r.\u00a0<\/p><ul><li>\u0130\u015fletme kazalar\u0131<\/li><li>\u0130malat, montaj, i\u015f\u00e7ilik kusurlar\u0131<\/li><li>Ya\u011flama kusurlar\u0131<\/li><li>Elektrik enerjisinden kaynaklanan hasarlar (Voltaj dalgalanmalar\u0131, k\u0131sa devre\/alevsiz yang\u0131n, y\u0131ld\u0131r\u0131m\u0131n dolayl\u0131 etkileri)<\/li><li>F\u0131rt\u0131na<\/li><li>T\u0131kanma, yabanc\u0131 maddelerin girmesi<\/li><li>\u0130\u015fletme personelinin veya \u00fc\u00e7\u00fcnc\u00fc \u015fah\u0131slar\u0131n ihmali, kusuru, hatas\u0131, dikkatsizli\u011fi, k\u00f6t\u00fc niyeti<\/li><\/ul><p>Makine K\u0131r\u0131lmas\u0131 Sigortas\u0131&#8217; n\u0131n teminat kapsam\u0131 a\u015fa\u011f\u0131da yaz\u0131l\u0131 ek teminatlarla geni\u015fletilebilmektedir:\u00a0<\/p><ul><li>Fiziki \u0130nfilak<\/li><li>Makinelerin temel ve kaidelerinde meydana gelebilecek hasarlar<\/li><li>Grev, lokavt, karga\u015fal\u0131k, halk hareketleri, ter\u00f6r<\/li><li>Hasar neticesinde gerekli fazla mesai ve seri nakliye masraflar\u0131<\/li><li>M\u00fcteharrik i\u015f makineleri (Ekskavat\u00f6r, dozer, loader, vin\u00e7, forklift, vb.) i\u00e7in geni\u015f kasko (Yang\u0131n, deprem, sel, toprak \u00e7\u00f6kmesi, kaya d\u00fc\u015fmesi, \u00e7arpma, \u00e7arp\u0131\u015fma, devrilme, ayr\u0131ca talep edilmesi halinde ek olarak h\u0131rs\u0131zl\u0131k)<\/li><\/ul><p>Makine K\u0131r\u0131lmas\u0131 Sigortas\u0131&#8217; nda sigortaya esas olan k\u0131ymet, makinelerin yeniye g\u00f6re ikame bedelleridir. Zira bu sigorta kapsam\u0131nda meydana gelen hasarlar b\u00fcy\u00fck \u00e7o\u011funlukla k\u0131smi hasarlard\u0131r ve ar\u0131zalanan par\u00e7a yerine yenisi tak\u0131ld\u0131\u011f\u0131ndan hasar \u00f6demesi de bu yeni par\u00e7a bedeli \u00fczerinden yap\u0131l\u0131r. Makine K\u0131r\u0131lmas\u0131 Sigortas\u0131 yap\u0131lan sabit makineler i\u00e7in ayr\u0131ca Yang\u0131n Sigortas\u0131 da yapt\u0131r\u0131lmas\u0131 gerekmektedir.\u00a0<br \/><br \/><strong>Elektronik Cihaz Sigortas\u0131\u00a0<\/strong><br \/><br \/>\u0130\u015fletmede bulunan t\u00fcm elektronik cihazlar\u0131n (Sabit ofis cihazlar\u0131 &#8211; bilgisayar, yaz\u0131c\u0131, faks, fotokopi, telefon santrali, CNC makineler &#8211; tekstil ve torna makineleri, t\u0131bbi cihazlar &#8211; ultrason, manyetik rezonans, bilgisayarl\u0131 tomografi, r\u00f6ntgen, gama kameralar, film bask\u0131 ve banyo cihazlar\u0131, radyo ve televizyon istasyonlar\u0131ndaki cihazlar vb.) montaj ve tecr\u00fcbeleri tamamland\u0131ktan ve tam \u00e7al\u0131\u015f\u0131r hale ge\u00e7tikten sonra teminat alt\u0131na almaktad\u0131r.\u00a0<br \/><br \/>Elektronik Cihaz Sigortas\u0131&#8217; n\u0131n, ani ve beklenmedik sebeplerle ortaya \u00e7\u0131kmak kayd\u0131yla, otomatik olarak teminat alt\u0131na ald\u0131\u011f\u0131 ba\u015fl\u0131ca riskler \u015funlard\u0131r:\u00a0<\/p><ul><li>\u0130\u015fletme personelinin veya \u00fc\u00e7\u00fcnc\u00fc \u015fah\u0131slar\u0131n ihmali, kusuru, hatas\u0131, dikkatsizli\u011fi, k\u00f6t\u00fc niyeti<\/li><li>Hatal\u0131 dizayn ve malzeme<\/li><li>Elektrik enerjisinden kaynaklanan hasarlar (Voltaj dalgalanmalar\u0131, k\u0131sa devre\/alevsiz yang\u0131n, y\u0131ld\u0131r\u0131m\u0131n dolayl\u0131 etkileri)<\/li><li>Yang\u0131n, y\u0131ld\u0131r\u0131m, infilak<\/li><li>Kavrulma, kararma, is, duman<\/li><li>F\u0131rt\u0131na, sel, yer kaymas\u0131, toprak \u00e7\u00f6kmesi<\/li><li>Dahili su<\/li><li>H\u0131rs\u0131zl\u0131k ve h\u0131rs\u0131zl\u0131\u011fa te\u015febb\u00fcs<\/li><\/ul><p>Elektronik Cihaz Sigortas\u0131&#8217; n\u0131n teminat kapsam\u0131 a\u015fa\u011f\u0131da yaz\u0131l\u0131 ek teminatlarla geni\u015fletilebilmektedir:\u00a0<\/p><ul><li>Hasar neticesinde gerekli fazla mesai ve seri nakliye masraflar\u0131<\/li><li>Seyyar ve ta\u015f\u0131nabilir cihazlar\u0131n sigortal\u0131 mahal d\u0131\u015f\u0131ndaki ziya ve hasarlar\u0131<\/li><li>Deprem<\/li><li>Grev, lokavt, karga\u015fal\u0131k, halk hareketleri, ter\u00f6r<\/li><li>Veri kayb\u0131<\/li><li>Artan i\u015f ve \u00e7al\u0131\u015fma masraflar\u0131<\/li><li>Valf ve t\u00fcpler<\/li><\/ul><p>Elektronik Cihaz Sigortas\u0131&#8217; nda sigortaya esas olan k\u0131ymet, cihazlar\u0131n yeniye g\u00f6re ikame bedelleridir. Zira bu sigorta kapsam\u0131nda meydana gelen hasarlar b\u00fcy\u00fck \u00e7o\u011funlukla k\u0131smi hasarlard\u0131r ve ar\u0131zalanan par\u00e7a yerine yenisi tak\u0131ld\u0131\u011f\u0131ndan hasar \u00f6demesi de bu yeni par\u00e7a bedeli \u00fczerinden yap\u0131l\u0131r.<\/p><\/div>\n\t\t\t\t<\/div>\n\t\t\t\t<\/div>\n\t\t\t\t\t\t<\/div>\n\t\t\t\t\t<\/div>\n\t\t<\/div>\n\t\t\t\t\t\t\t\t<\/div>\n\t\t\t\t\t<\/div>\n\t\t<\/section>\n\t\t\t\t\t\t<\/div>\n\t\t\t\t\t\t<\/div>\n\t\t\t\t\t<\/div>\n\t\t","protected":false},"excerpt":{"rendered":"<p>\u0130n\u015faat T\u00fcm Riskler Sigortas\u0131 Her t\u00fcrl\u00fc in\u015faat projesi risklerini (Bina, yol, baraj, liman, kanalizasyon, i\u00e7me suyu ve elektrik hatlar\u0131, havaalan\u0131, vb.), in\u015faat\u0131n ba\u015flad\u0131\u011f\u0131 ilk g\u00fcnden projenin tamamlanaca\u011f\u0131 ya da teslim edilece\u011fi g\u00fcne kadar, uygun teminatlarla g\u00fcvence alt\u0131na al\u0131r. \u0130n\u015faat All Risks Sigortas\u0131&#8217; n\u0131n, ani ve beklenmedik sebeplerle ortaya \u00e7\u0131kmak kayd\u0131yla, otomatik olarak teminat alt\u0131na ald\u0131\u011f\u0131 [&hellip;]<\/p>\n","protected":false},"author":1,"featured_media":0,"parent":0,"menu_order":0,"comment_status":"closed","ping_status":"closed","template":"elementor_header_footer","meta":[],"_links":{"self":[{"href":"https:\/\/koalasigorta.com.tr\/index.php?rest_route=\/wp\/v2\/pages\/6522"}],"collection":[{"href":"https:\/\/koalasigorta.com.tr\/index.php?rest_route=\/wp\/v2\/pages"}],"about":[{"href":"https:\/\/koalasigorta.com.tr\/index.php?rest_route=\/wp\/v2\/types\/page"}],"author":[{"embeddable":true,"href":"https:\/\/koalasigorta.com.tr\/index.php?rest_route=\/wp\/v2\/users\/1"}],"replies":[{"embeddable":true,"href":"https:\/\/koalasigorta.com.tr\/index.php?rest_route=%2Fwp%2Fv2%2Fcomments&post=6522"}],"version-history":[{"count":5,"href":"https:\/\/koalasigorta.com.tr\/index.php?rest_route=\/wp\/v2\/pages\/6522\/revisions"}],"predecessor-version":[{"id":6528,"href":"https:\/\/koalasigorta.com.tr\/index.php?rest_route=\/wp\/v2\/pages\/6522\/revisions\/6528"}],"wp:attachment":[{"href":"https:\/\/koalasigorta.com.tr\/index.php?rest_route=%2Fwp%2Fv2%2Fmedia&parent=6522"}],"curies":[{"name":"wp","href":"https:\/\/api.w.org\/{rel}","templated":true}]}}