{"id":6514,"date":"2021-03-25T14:57:06","date_gmt":"2021-03-25T14:57:06","guid":{"rendered":"https:\/\/koalasigorta.com.tr\/?page_id=6514"},"modified":"2021-03-26T07:27:13","modified_gmt":"2021-03-26T07:27:13","slug":"6514-2","status":"publish","type":"page","link":"https:\/\/koalasigorta.com.tr\/?page_id=6514","title":{"rendered":"Konut Sigortas\u0131"},"content":{"rendered":"\t\t<div data-elementor-type=\"wp-page\" data-elementor-id=\"6514\" class=\"elementor elementor-6514\" data-elementor-settings=\"[]\">\n\t\t\t\t\t\t<div class=\"elementor-inner\">\n\t\t\t\t\t\t\t<div class=\"elementor-section-wrap\">\n\t\t\t\t\t\t\t<section class=\"elementor-section elementor-top-section elementor-element elementor-element-29a2d900 elementor-section-boxed elementor-section-height-default elementor-section-height-default\" data-id=\"29a2d900\" data-element_type=\"section\" data-settings=\"{&quot;ekit_has_onepagescroll_dot&quot;:&quot;yes&quot;}\">\n\t\t\t\t\t\t<div class=\"elementor-container elementor-column-gap-default\">\n\t\t\t\t\t\t\t<div class=\"elementor-row\">\n\t\t\t\t\t<div class=\"elementor-column elementor-col-100 elementor-top-column elementor-element elementor-element-5d9fb4ad\" data-id=\"5d9fb4ad\" data-element_type=\"column\">\n\t\t\t<div class=\"elementor-column-wrap elementor-element-populated\">\n\t\t\t\t\t\t\t<div class=\"elementor-widget-wrap\">\n\t\t\t\t\t\t<div class=\"elementor-element elementor-element-5d69e5ad elementor-widget elementor-widget-text-editor\" data-id=\"5d69e5ad\" data-element_type=\"widget\" data-widget_type=\"text-editor.default\">\n\t\t\t\t<div class=\"elementor-widget-container\">\n\t\t\t\t\t<div class=\"elementor-text-editor elementor-clearfix\"><h4><strong>Konut S\u0130GORTASI<\/strong><\/h4><p>Y\u0131llarca \u00e7al\u0131\u015ft\u0131n\u0131z ve hep hayalini kurdu\u011funuz eve nihayet sahip oldunuz. Ama hala b\u00fcy\u00fck bir eksi\u011finiz yok mu sizce? Sizi ve ailenizi, bir kale gibi her t\u00fcrl\u00fc d\u0131\u015f tehlikeye kar\u015f\u0131 koruyan eviniz, T\u00fcrk Nippon Konut Sigortas\u0131 ile g\u00fcvence alt\u0131na al\u0131nmay\u0131 hakediyor.<\/p><p>Evinizi ve e\u015fyalar\u0131n\u0131z\u0131, yang\u0131ndan y\u0131ld\u0131r\u0131ma, h\u0131rs\u0131zl\u0131ktan f\u0131rt\u0131naya kadar olas\u0131 t\u00fcm risklere kar\u015f\u0131 sigortalay\u0131n. S\u0131cak yuvan\u0131zda, endi\u015feden uzak, huzurlu bir gelece\u011fin keyfini \u00e7\u0131kar\u0131n.<\/p><p><strong>T\u00fcrk Nippon Sigorta konut poli\u00e7esi teminat kapsam\u0131<\/strong><\/p><ul><li>Yang\u0131n, Y\u0131ld\u0131r\u0131m, \u0130nfilak<\/li><li>Dahili Su<\/li><li>F\u0131rt\u0131na<\/li><li>Yer Kaymas\u0131<\/li><li>Kara ve Hava ta\u015f\u0131tlar\u0131 \u00c7arpmas\u0131<\/li><li>Duman<\/li><li>Kar A\u011f\u0131rl\u0131\u011f\u0131<\/li><li>Grev, Lokavt, Karma\u015fa Halk Hareketleri, K\u00f6t\u00fc Niyetli Hareketler ve Ter\u00f6r<\/li><li>Dahili Dekorasyon<\/li><li>Yang\u0131n Mali Sorumluluk Teminat\u0131<\/li><li>Ferdi Kaza<\/li><li>3. \u015eah\u0131s Mali Mesuliyet<\/li><li>Kira Kayb\u0131<\/li><li>Ge\u00e7ici ikametgah de\u011fi\u015fikli\u011fi masraflar\u0131<\/li><li>Enkaz Kald\u0131rma Masraflar\u0131<\/li><li>T\u00fcrk Nippon Asistans Hizmetleri<\/li><li>Hukuksal Koruma<\/li><li>Onkoloji Destek<\/li><li>Acil T\u0131bbi Yard\u0131m<\/li><\/ul><p><strong>\u0130ste\u011fe ba\u011fl\u0131 ek teminatlar<\/strong><\/p><ul><li>Deprem<\/li><li>Sel ve Su Bask\u0131n\u0131<\/li><li>Cam K\u0131r\u0131lmas\u0131<\/li><li>H\u0131rs\u0131zl\u0131k<\/li><li>Enflasyon Teminat\u0131<\/li><li>Sabit K\u0131ymet H\u0131rs\u0131zl\u0131k Teminat\u0131<\/li><\/ul><\/div>\n\t\t\t\t<\/div>\n\t\t\t\t<\/div>\n\t\t\t\t\t\t<\/div>\n\t\t\t\t\t<\/div>\n\t\t<\/div>\n\t\t\t\t\t\t\t\t<\/div>\n\t\t\t\t\t<\/div>\n\t\t<\/section>\n\t\t\t\t\t\t<\/div>\n\t\t\t\t\t\t<\/div>\n\t\t\t\t\t<\/div>\n\t\t","protected":false},"excerpt":{"rendered":"<p>Konut S\u0130GORTASI Y\u0131llarca \u00e7al\u0131\u015ft\u0131n\u0131z ve hep hayalini kurdu\u011funuz eve nihayet sahip oldunuz. Ama hala b\u00fcy\u00fck bir eksi\u011finiz yok mu sizce? Sizi ve ailenizi, bir kale gibi her t\u00fcrl\u00fc d\u0131\u015f tehlikeye kar\u015f\u0131 koruyan eviniz, T\u00fcrk Nippon Konut Sigortas\u0131 ile g\u00fcvence alt\u0131na al\u0131nmay\u0131 hakediyor. Evinizi ve e\u015fyalar\u0131n\u0131z\u0131, yang\u0131ndan y\u0131ld\u0131r\u0131ma, h\u0131rs\u0131zl\u0131ktan f\u0131rt\u0131naya kadar olas\u0131 t\u00fcm risklere kar\u015f\u0131 sigortalay\u0131n. [&hellip;]<\/p>\n","protected":false},"author":1,"featured_media":0,"parent":0,"menu_order":0,"comment_status":"closed","ping_status":"closed","template":"elementor_header_footer","meta":[],"_links":{"self":[{"href":"https:\/\/koalasigorta.com.tr\/index.php?rest_route=\/wp\/v2\/pages\/6514"}],"collection":[{"href":"https:\/\/koalasigorta.com.tr\/index.php?rest_route=\/wp\/v2\/pages"}],"about":[{"href":"https:\/\/koalasigorta.com.tr\/index.php?rest_route=\/wp\/v2\/types\/page"}],"author":[{"embeddable":true,"href":"https:\/\/koalasigorta.com.tr\/index.php?rest_route=\/wp\/v2\/users\/1"}],"replies":[{"embeddable":true,"href":"https:\/\/koalasigorta.com.tr\/index.php?rest_route=%2Fwp%2Fv2%2Fcomments&post=6514"}],"version-history":[{"count":9,"href":"https:\/\/koalasigorta.com.tr\/index.php?rest_route=\/wp\/v2\/pages\/6514\/revisions"}],"predecessor-version":[{"id":6605,"href":"https:\/\/koalasigorta.com.tr\/index.php?rest_route=\/wp\/v2\/pages\/6514\/revisions\/6605"}],"wp:attachment":[{"href":"https:\/\/koalasigorta.com.tr\/index.php?rest_route=%2Fwp%2Fv2%2Fmedia&parent=6514"}],"curies":[{"name":"wp","href":"https:\/\/api.w.org\/{rel}","templated":true}]}}