{"id":6507,"date":"2021-03-25T14:55:40","date_gmt":"2021-03-25T14:55:40","guid":{"rendered":"https:\/\/koalasigorta.com.tr\/?page_id=6507"},"modified":"2021-03-26T07:26:38","modified_gmt":"2021-03-26T07:26:38","slug":"kasko-sigortasi","status":"publish","type":"page","link":"https:\/\/koalasigorta.com.tr\/?page_id=6507","title":{"rendered":"Kasko Sigortas\u0131"},"content":{"rendered":"\t\t<div data-elementor-type=\"wp-page\" data-elementor-id=\"6507\" class=\"elementor elementor-6507\" data-elementor-settings=\"[]\">\n\t\t\t\t\t\t<div class=\"elementor-inner\">\n\t\t\t\t\t\t\t<div class=\"elementor-section-wrap\">\n\t\t\t\t\t\t\t<section class=\"elementor-section elementor-top-section elementor-element elementor-element-5b0d02a0 elementor-section-boxed elementor-section-height-default elementor-section-height-default\" data-id=\"5b0d02a0\" data-element_type=\"section\" data-settings=\"{&quot;ekit_has_onepagescroll_dot&quot;:&quot;yes&quot;}\">\n\t\t\t\t\t\t<div class=\"elementor-container elementor-column-gap-default\">\n\t\t\t\t\t\t\t<div class=\"elementor-row\">\n\t\t\t\t\t<div class=\"elementor-column elementor-col-100 elementor-top-column elementor-element elementor-element-146ac567\" data-id=\"146ac567\" data-element_type=\"column\">\n\t\t\t<div class=\"elementor-column-wrap elementor-element-populated\">\n\t\t\t\t\t\t\t<div class=\"elementor-widget-wrap\">\n\t\t\t\t\t\t<div class=\"elementor-element elementor-element-68d3c4f9 elementor-widget elementor-widget-text-editor\" data-id=\"68d3c4f9\" data-element_type=\"widget\" data-widget_type=\"text-editor.default\">\n\t\t\t\t<div class=\"elementor-widget-container\">\n\t\t\t\t\t<div class=\"elementor-text-editor elementor-clearfix\"><h4><strong>Kasko S\u0130GORTASI<\/strong><\/h4><p>\u00dclkemizde her y\u0131l ya\u015fanan binlerce trafik kazas\u0131ndan biri bir g\u00fcn sizin de ba\u015f\u0131n\u0131za gelebilir. Akl\u0131n\u0131za gelen ba\u015f\u0131n\u0131za gelmeden \u00f6nleminizi al\u0131n ve T\u00fcrk Nippon g\u00fcvencesiyle tan\u0131\u015f\u0131n. T\u00fcrk Nippon Sigorta, arac\u0131n\u0131z\u0131 kazalara, h\u0131rs\u0131zl\u0131k olaylar\u0131na ve olas\u0131 her t\u00fcrl\u00fc riske kar\u015f\u0131 g\u00fcvence alt\u0131na al\u0131yor.<\/p><p>Hasarlar\u0131n\u0131z\u0131 en k\u0131sa s\u00fcrede gidererek sizi hesapta olmayan masraflardan kurtar\u0131yor.<\/p><p><strong>Kasko sigortalar\u0131nda Geni\u015fletilmi\u015f Kasko teminatlar\u0131n\u0131 kapsamaktad\u0131r.<\/strong><\/p><ul><li>\u00c7arpma, \u00c7arp\u0131\u015fma, Devrilme<\/li><li>Yanma<\/li><li>H\u0131rs\u0131zl\u0131k, H\u0131rs\u0131zl\u0131\u011fa Te\u015febb\u00fcs<\/li><li>Sigara ve benzeri maddelerin temas\u0131yla meydana gelen yang\u0131n d\u0131\u015f\u0131ndaki zararlar<\/li><li>Yetkili olmayan ki\u015filerce \u00e7ekilen ara\u00e7lara gelen zararlar<\/li><li>Hukuksal koruma<\/li><li>K\u0131ymet Kazanma<\/li><li>Kemirgen hayvanlar\u0131n verece\u011fi zararlar<\/li><\/ul><p><strong>\u0130ste\u011fe ba\u011fl\u0131 ek teminatlar<\/strong><\/p><ul><li>Deprem ve yanarda\u011f p\u00fcsk\u00fcrmesi<\/li><li>Sel ve su bask\u0131n\u0131<\/li><li>Grev, lokavt, karga\u015fal\u0131k, halk hareketleri ve ter\u00f6r<\/li><li>Yurt d\u0131\u015f\u0131<\/li><li>Ticari ara\u00e7larda bir kaza neticesinde gelir kayb\u0131ndan kaynaklanan zararlar poli\u00e7ede belirtilen limitler ve muafiyetler dahilinde teminat alt\u0131na al\u0131n\u0131r<\/li><li>Ara\u00e7ta seyahat esnas\u0131nda s\u00fcr\u00fcc\u00fc ve yolcular\u0131n ba\u015f\u0131na gelebilecek kazalar<\/li><li>Ara\u00e7 sahibine d\u00fc\u015fen hukuki sorumlulu\u011fun zorunlu mali sorumluluk sigortas\u0131 limitleri \u00fcst\u00fcnde kalan k\u0131sm\u0131 poli\u00e7ede yaz\u0131l\u0131 limitlere kar\u015f\u0131 temin edilir<\/li><\/ul><\/div>\n\t\t\t\t<\/div>\n\t\t\t\t<\/div>\n\t\t\t\t\t\t<\/div>\n\t\t\t\t\t<\/div>\n\t\t<\/div>\n\t\t\t\t\t\t\t\t<\/div>\n\t\t\t\t\t<\/div>\n\t\t<\/section>\n\t\t\t\t\t\t<\/div>\n\t\t\t\t\t\t<\/div>\n\t\t\t\t\t<\/div>\n\t\t","protected":false},"excerpt":{"rendered":"<p>Kasko S\u0130GORTASI \u00dclkemizde her y\u0131l ya\u015fanan binlerce trafik kazas\u0131ndan biri bir g\u00fcn sizin de ba\u015f\u0131n\u0131za gelebilir. Akl\u0131n\u0131za gelen ba\u015f\u0131n\u0131za gelmeden \u00f6nleminizi al\u0131n ve T\u00fcrk Nippon g\u00fcvencesiyle tan\u0131\u015f\u0131n. T\u00fcrk Nippon Sigorta, arac\u0131n\u0131z\u0131 kazalara, h\u0131rs\u0131zl\u0131k olaylar\u0131na ve olas\u0131 her t\u00fcrl\u00fc riske kar\u015f\u0131 g\u00fcvence alt\u0131na al\u0131yor. Hasarlar\u0131n\u0131z\u0131 en k\u0131sa s\u00fcrede gidererek sizi hesapta olmayan masraflardan kurtar\u0131yor. Kasko sigortalar\u0131nda [&hellip;]<\/p>\n","protected":false},"author":1,"featured_media":0,"parent":0,"menu_order":0,"comment_status":"closed","ping_status":"closed","template":"elementor_header_footer","meta":[],"_links":{"self":[{"href":"https:\/\/koalasigorta.com.tr\/index.php?rest_route=\/wp\/v2\/pages\/6507"}],"collection":[{"href":"https:\/\/koalasigorta.com.tr\/index.php?rest_route=\/wp\/v2\/pages"}],"about":[{"href":"https:\/\/koalasigorta.com.tr\/index.php?rest_route=\/wp\/v2\/types\/page"}],"author":[{"embeddable":true,"href":"https:\/\/koalasigorta.com.tr\/index.php?rest_route=\/wp\/v2\/users\/1"}],"replies":[{"embeddable":true,"href":"https:\/\/koalasigorta.com.tr\/index.php?rest_route=%2Fwp%2Fv2%2Fcomments&post=6507"}],"version-history":[{"count":8,"href":"https:\/\/koalasigorta.com.tr\/index.php?rest_route=\/wp\/v2\/pages\/6507\/revisions"}],"predecessor-version":[{"id":6602,"href":"https:\/\/koalasigorta.com.tr\/index.php?rest_route=\/wp\/v2\/pages\/6507\/revisions\/6602"}],"wp:attachment":[{"href":"https:\/\/koalasigorta.com.tr\/index.php?rest_route=%2Fwp%2Fv2%2Fmedia&parent=6507"}],"curies":[{"name":"wp","href":"https:\/\/api.w.org\/{rel}","templated":true}]}}