{"id":6500,"date":"2021-03-25T14:53:35","date_gmt":"2021-03-25T14:53:35","guid":{"rendered":"https:\/\/koalasigorta.com.tr\/?page_id=6500"},"modified":"2021-03-26T07:26:10","modified_gmt":"2021-03-26T07:26:10","slug":"hayata-merhaba-sigortasi","status":"publish","type":"page","link":"https:\/\/koalasigorta.com.tr\/?page_id=6500","title":{"rendered":"Hayata Merhaba Sigortas\u0131"},"content":{"rendered":"\t\t<div data-elementor-type=\"wp-page\" data-elementor-id=\"6500\" class=\"elementor elementor-6500\" data-elementor-settings=\"[]\">\n\t\t\t\t\t\t<div class=\"elementor-inner\">\n\t\t\t\t\t\t\t<div class=\"elementor-section-wrap\">\n\t\t\t\t\t\t\t<section class=\"elementor-section elementor-top-section elementor-element elementor-element-5b6391bb elementor-section-boxed elementor-section-height-default elementor-section-height-default\" data-id=\"5b6391bb\" data-element_type=\"section\" data-settings=\"{&quot;ekit_has_onepagescroll_dot&quot;:&quot;yes&quot;}\">\n\t\t\t\t\t\t<div class=\"elementor-container elementor-column-gap-default\">\n\t\t\t\t\t\t\t<div class=\"elementor-row\">\n\t\t\t\t\t<div class=\"elementor-column elementor-col-100 elementor-top-column elementor-element elementor-element-7d3201ee\" data-id=\"7d3201ee\" data-element_type=\"column\">\n\t\t\t<div class=\"elementor-column-wrap elementor-element-populated\">\n\t\t\t\t\t\t\t<div class=\"elementor-widget-wrap\">\n\t\t\t\t\t\t<div class=\"elementor-element elementor-element-11533a49 elementor-widget elementor-widget-text-editor\" data-id=\"11533a49\" data-element_type=\"widget\" data-widget_type=\"text-editor.default\">\n\t\t\t\t<div class=\"elementor-widget-container\">\n\t\t\t\t\t<div class=\"elementor-text-editor elementor-clearfix\"><h4><strong>Hayata Merhaba Sigortas\u0131<\/strong><\/h4><p>Hamilelik d\u00fcnyan\u0131n en \u00f6zel duygusudur. Bu \u00f6zel duyguyu doyas\u0131ya ya\u015fayabilmeniz i\u00e7in size en \u00f6zel sigorta poli\u00e7emiz olan \u2018\u2019Hayata Merhaba\u2019\u2019y\u0131 sunuyoruz.<\/p><p>Hayata Merhaba, hamileli\u011finizin hangi d\u00f6neminde olursa olsun bekleme s\u00fcresi olmadan yapt\u0131rabilece\u011finiz tek do\u011fum poli\u00e7esidir.<\/p><p>T\u00fcrk Nippon Sigorta olarak, ilgili poli\u00e7e kapsam\u0131nda, anla\u015fmal\u0131 sa\u011fl\u0131k kurumlar\u0131m\u0131z i\u00e7inde yer alan \u00f6zel hastanelerden, sadece se\u00e7mi\u015f oldu\u011funuz anla\u015fmal\u0131 sa\u011fl\u0131k kurumunda ge\u00e7erli ADD paketlerinde yer alan hizmetlerden faydalanabilirsiniz.\u00a0<\/p><p><strong>Do\u011fum Paket Se\u00e7enekleri<\/strong>\u00a0<\/p><ul><li>Do\u011fum Eylemi<\/li><li>Do\u011fum Eylemi + Tetkik Paneli\u00a0<\/li><\/ul><p><strong>Acil T\u0131bbi Durum Kapsam\u0131<\/strong>\u00a0<\/p><ul><li>Suda bo\u011fulma,<\/li><li>Trafik kazas\u0131,<\/li><li>Tecav\u00fcz ,<\/li><li>Y\u00fcksekten d\u00fc\u015fme,<\/li><li>Ciddi i\u015f kazalar\u0131, uzuv kopmalar\u0131,<\/li><li>Elektrik \u00e7arpmas\u0131,<\/li><li>Donma, so\u011fuk \u00e7arpmas\u0131,<\/li><li>Is\u0131 \u00e7arpmas\u0131,<\/li><li>Ciddi yan\u0131klar,<\/li><li>Ciddi g\u00f6z yaralanmalar\u0131,<\/li><li>Zehirlenmeler,<\/li><li>Anafilaktik \u015eok,<\/li><li>Omurga ve alt ekstremite k\u0131r\u0131klar\u0131,\u00a0<\/li><li>Kalp krizi, hipertansiyon krizleri,<\/li><li>Akut solunum problemleri,<\/li><li>\u015euur kayb\u0131na neden olan her t\u00fcrl\u00fc organik kusur,<\/li><li>Ani fel\u00e7ler,<\/li><li>Ciddi genel durum bozuklu\u011fu,\u00a0<\/li><li>Y\u00fcksek ate\u015f (39.5 \u00fczeri),<\/li><li>Diabetik ve \u00fcremik koma,<\/li><li>Genel durum bozuklu\u011funun e\u015flik etti\u011fi dializ hastal\u0131\u011f\u0131,<\/li><li>Akut bat\u0131n,<\/li><li>Akut masif kanamalar,<\/li><li>Menenjit, ensefalit, beyin apsesi,<\/li><li>Renal kolik<\/li><\/ul><\/div>\n\t\t\t\t<\/div>\n\t\t\t\t<\/div>\n\t\t\t\t\t\t<\/div>\n\t\t\t\t\t<\/div>\n\t\t<\/div>\n\t\t\t\t\t\t\t\t<\/div>\n\t\t\t\t\t<\/div>\n\t\t<\/section>\n\t\t\t\t\t\t<\/div>\n\t\t\t\t\t\t<\/div>\n\t\t\t\t\t<\/div>\n\t\t","protected":false},"excerpt":{"rendered":"<p>Hayata Merhaba Sigortas\u0131 Hamilelik d\u00fcnyan\u0131n en \u00f6zel duygusudur. Bu \u00f6zel duyguyu doyas\u0131ya ya\u015fayabilmeniz i\u00e7in size en \u00f6zel sigorta poli\u00e7emiz olan \u2018\u2019Hayata Merhaba\u2019\u2019y\u0131 sunuyoruz. Hayata Merhaba, hamileli\u011finizin hangi d\u00f6neminde olursa olsun bekleme s\u00fcresi olmadan yapt\u0131rabilece\u011finiz tek do\u011fum poli\u00e7esidir. T\u00fcrk Nippon Sigorta olarak, ilgili poli\u00e7e kapsam\u0131nda, anla\u015fmal\u0131 sa\u011fl\u0131k kurumlar\u0131m\u0131z i\u00e7inde yer alan \u00f6zel hastanelerden, sadece se\u00e7mi\u015f oldu\u011funuz [&hellip;]<\/p>\n","protected":false},"author":1,"featured_media":0,"parent":0,"menu_order":0,"comment_status":"closed","ping_status":"closed","template":"elementor_header_footer","meta":[],"_links":{"self":[{"href":"https:\/\/koalasigorta.com.tr\/index.php?rest_route=\/wp\/v2\/pages\/6500"}],"collection":[{"href":"https:\/\/koalasigorta.com.tr\/index.php?rest_route=\/wp\/v2\/pages"}],"about":[{"href":"https:\/\/koalasigorta.com.tr\/index.php?rest_route=\/wp\/v2\/types\/page"}],"author":[{"embeddable":true,"href":"https:\/\/koalasigorta.com.tr\/index.php?rest_route=\/wp\/v2\/users\/1"}],"replies":[{"embeddable":true,"href":"https:\/\/koalasigorta.com.tr\/index.php?rest_route=%2Fwp%2Fv2%2Fcomments&post=6500"}],"version-history":[{"count":8,"href":"https:\/\/koalasigorta.com.tr\/index.php?rest_route=\/wp\/v2\/pages\/6500\/revisions"}],"predecessor-version":[{"id":6599,"href":"https:\/\/koalasigorta.com.tr\/index.php?rest_route=\/wp\/v2\/pages\/6500\/revisions\/6599"}],"wp:attachment":[{"href":"https:\/\/koalasigorta.com.tr\/index.php?rest_route=%2Fwp%2Fv2%2Fmedia&parent=6500"}],"curies":[{"name":"wp","href":"https:\/\/api.w.org\/{rel}","templated":true}]}}